{"id":8146,"date":"2017-07-10T10:26:34","date_gmt":"2017-07-10T10:26:34","guid":{"rendered":"https:\/\/jobs.bet-at-home.com\/?page_id=8146"},"modified":"2026-02-03T09:47:30","modified_gmt":"2026-02-03T08:47:30","slug":"startseite","status":"publish","type":"page","link":"https:\/\/jobs.bet-at-home.com\/de\/","title":{"rendered":"Home"},"content":{"rendered":"<div class=\"wpb-content-wrapper\">[mk_page_section vertical_align=&#8220;center&#8220; bg_color=&#8220;#7ec51e&#8220; bg_position=&#8220;center center&#8220; bg_repeat=&#8220;no-repeat&#8220; bg_stretch=&#8220;true&#8220; video_opacity=&#8220;1&#8243; min_height=&#8220;&#8220; full_width=&#8220;true&#8220; js_vertical_centered=&#8220;true&#8220; padding_top=&#8220;0&#8243; padding_bottom=&#8220;0&#8243; visibility=&#8220;visible-dt&#8220; el_class=&#8220;home-header&#8220; sidebar=&#8220;sidebar-1&#8243;][vc_column][mk_image src=&#8220;https:\/\/jobs.bet-at-home.com\/wp-content\/uploads\/2023\/06\/home_header_text.png&#8220; image_size=&#8220;large&#8220; align=&#8220;center&#8220; margin_bottom=&#8220;0&#8243;][\/vc_column][\/mk_page_section][mk_page_section vertical_align=&#8220;center&#8220; bg_color=&#8220;#7ec51e&#8220; bg_position=&#8220;center center&#8220; bg_repeat=&#8220;no-repeat&#8220; bg_stretch=&#8220;true&#8220; video_opacity=&#8220;1&#8243; min_height=&#8220;&#8220; full_width=&#8220;true&#8220; js_vertical_centered=&#8220;true&#8220; padding_top=&#8220;0&#8243; padding_bottom=&#8220;0&#8243; visibility=&#8220;hidden-dt&#8220; el_class=&#8220;home-header&#8220; sidebar=&#8220;sidebar-1&#8243;][vc_column][mk_image src=&#8220;https:\/\/jobs.bet-at-home.com\/wp-content\/uploads\/2023\/06\/home_header_text.png&#8220; image_size=&#8220;full&#8220; align=&#8220;center&#8220; margin_bottom=&#8220;0&#8243;][\/vc_column][\/mk_page_section][mk_page_section vertical_align=&#8220;center&#8220; bg_image=&#8220;https:\/\/jobs.bet-at-home.com\/wp-content\/uploads\/2023\/06\/home_statement-1.jpg&#8220; attachment=&#8220;fixed&#8220; bg_position=&#8220;center center&#8220; bg_repeat=&#8220;no-repeat&#8220; bg_stretch=&#8220;true&#8220; video_color_mask=&#8220;#002554&#8243; min_height=&#8220;&#8220; full_width=&#8220;true&#8220; padding_top=&#8220;50&#8243; padding_bottom=&#8220;50&#8243; sidebar=&#8220;sidebar-1&#8243;][vc_column width=&#8220;1\/4&#8243;][\/vc_column][vc_column width=&#8220;1\/2&#8243;][vc_column_text disable_pattern=&#8220;false&#8220; align=&#8220;center&#8220; el_class=&#8220;statement&#8220; css=&#8220;.vc_custom_1689167845847{margin-bottom: 0px !important;}&#8220;]\n<h3 style=\"text-align: center;\"><span style=\"color: #ffffff;\">Bei uns wird das Leben zum Spiel:<\/span><\/h3>\n<p style=\"text-align: center; font-size: 16px;\"><span style=\"color: #ffffff;\">Ob Sportwetten oder diverse Casinospiele mit einer Vielzahl von Slots \u2013 unsere Kunden haben die sprichw\u00f6rtliche Qual der Wahl.<\/span><br \/>\n<span style=\"color: #ffffff;\">Mit virtuellen Wetten, Gesellschaftswetten und eSport erg\u00e4nzen wir &#8211; den regulatorischen Vorgaben entsprechend \u2013 unser Angebot.<\/span><\/p>\n[\/vc_column_text][\/vc_column][vc_column width=&#8220;1\/4&#8243;][\/vc_column][\/mk_page_section][mk_page_section vertical_align=&#8220;center&#8220; bg_color=&#8220;#002554&#8243; bg_repeat=&#8220;no-repeat&#8220; min_height=&#8220;0&#8243; js_vertical_centered=&#8220;true&#8220; padding_top=&#8220;25&#8243; padding_bottom=&#8220;0&#8243; top_shape_size=&#8220;small&#8220; top_shape_color=&#8220;#e3e6e6&#8243; top_shape_bg_color=&#8220;#002554&#8243; has_bottom_shape_divider=&#8220;true&#8220; bottom_shape_size=&#8220;small&#8220; bottom_shape_color=&#8220;#ffffff&#8220; bottom_shape_bg_color=&#8220;#002554&#8243; el_class=&#8220;home-jobs-button-section&#8220; sidebar=&#8220;sidebar-1&#8243;][vc_column css=&#8220;.vc_custom_1686660949764{margin-bottom: 0px !important;border-bottom-width: 0px !important;padding-right: 25px !important;padding-left: 25px !important;}&#8220;][mk_button dimension=&#8220;flat&#8220; size=&#8220;large&#8220; url=&#8220;\/jobs\/&#8220; align=&#8220;center&#8220; margin_bottom=&#8220;0&#8243; margin_right=&#8220;0&#8243; bg_color=&#8220;#7ec51e&#8220; btn_hover_bg=&#8220;#7ec51e&#8220; btn_hover_txt_color=&#8220;#002554&#8243;]Jetzt alle Jobs ansehen![\/mk_button][\/vc_column][\/mk_page_section][mk_page_section bg_color=&#8220;#ffffff&#8220; bg_repeat=&#8220;no-repeat&#8220; min_height=&#8220;0&#8243; js_vertical_centered=&#8220;true&#8220; padding_top=&#8220;35&#8243; has_bottom_shape_divider=&#8220;true&#8220; bottom_shape_color=&#8220;#e3e6e6&#8243; bottom_shape_bg_color=&#8220;#ffffff&#8220; sidebar=&#8220;sidebar-1&#8243;][vc_column width=&#8220;1\/3&#8243; css=&#8220;.vc_custom_1500557545110{padding-right: 25px !important;padding-left: 25px !important;}&#8220;][vc_icon icon_fontawesome=&#8220;fas fa-cogs&#8220; color=&#8220;custom&#8220; size=&#8220;xl&#8220; align=&#8220;center&#8220; css_animation=&#8220;fadeIn&#8220; css=&#8220;.vc_custom_1686657742183{margin-bottom: 25px !important;}&#8220; custom_color=&#8220;#7ec51e&#8220;][mk_fancy_title margin_bottom=&#8220;0&#8243; font_family=&#8220;none&#8220;]\n<h3 style=\"text-align: center;\">Teamwork<\/h3>\n[\/mk_fancy_title][vc_column_text css=&#8220;.vc_custom_1689248155652{margin-bottom: 0px !important;}&#8220;]\n<p style=\"text-align: center; font-size: 16px;\">Erfolg basiert auf einer engagierten Mannschaft. Bei <span style=\"white-space: nowrap;\">bet-at-home<\/span> haben alle das gleiche Ziel. Gemeinsam arbeiten wir daran, einer der gr\u00f6\u00dften Online-Gaming-Anbieter Europas zu sein und zu bleiben.<\/p>\n[\/vc_column_text][\/vc_column][vc_column width=&#8220;1\/3&#8243; css=&#8220;.vc_custom_1500557555557{padding-right: 25px !important;padding-left: 25px !important;}&#8220;][mk_padding_divider size=&#8220;25&#8243; visibility=&#8220;visible-sm&#8220;][vc_icon type=&#8220;entypo&#8220; icon_entypo=&#8220;entypo-icon entypo-icon-trophy&#8220; color=&#8220;custom&#8220; size=&#8220;xl&#8220; align=&#8220;center&#8220; css_animation=&#8220;fadeIn&#8220; css=&#8220;.vc_custom_1686657753527{margin-bottom: 25px !important;}&#8220; custom_color=&#8220;#7ec51e&#8220;][mk_fancy_title margin_bottom=&#8220;0&#8243; font_family=&#8220;none&#8220;]\n<h3 style=\"text-align: center;\">Sieger\u00adtypen<\/h3>\n[\/mk_fancy_title][vc_column_text css=&#8220;.vc_custom_1689248145346{margin-bottom: 0px !important;}&#8220;]\n<p style=\"text-align: center; font-size: 16px;\">Wir wollen gewinnen. Um auch in Zukunft am Ball zu bleiben, entwickeln wir unser Produkt-Portfolio stetig weiter. Und dabei ist der Einsatz aller Mitspieler gefragt. Wir legen Wert auf die Ideen und Meinungen jedes einzelnen.<\/p>\n[\/vc_column_text][\/vc_column][vc_column width=&#8220;1\/3&#8243; css=&#8220;.vc_custom_1500557565620{padding-right: 25px !important;padding-left: 25px !important;}&#8220;][mk_padding_divider size=&#8220;25&#8243; visibility=&#8220;visible-sm&#8220;][vc_icon icon_fontawesome=&#8220;fas fa-futbol&#8220; color=&#8220;custom&#8220; size=&#8220;xl&#8220; align=&#8220;center&#8220; css_animation=&#8220;fadeIn&#8220; css=&#8220;.vc_custom_1686657763238{margin-bottom: 25px !important;}&#8220; custom_color=&#8220;#7ec51e&#8220;][mk_fancy_title margin_bottom=&#8220;0&#8243; font_family=&#8220;none&#8220;]\n<h3 style=\"text-align: center;\">Sport\u00adgeist<\/h3>\n[\/mk_fancy_title][vc_column_text css=&#8220;.vc_custom_1689248166042{margin-bottom: 0px !important;}&#8220;]\n<p style=\"text-align: center; font-size: 16px;\">Flache Hierarchien und freundschaftliche Atmosph\u00e4re sorgen f\u00fcr das perfekte Teamgef\u00fchl. Deshalb duzen wir uns, ohne Ausnahme!<\/p>\n[\/vc_column_text][\/vc_column][\/mk_page_section][mk_page_section min_height=&#8220;0&#8243; js_vertical_centered=&#8220;true&#8220; padding_top=&#8220;25&#8243; padding_bottom=&#8220;0&#8243; top_shape_color=&#8220;#ffffff&#8220; bottom_shape_style=&#8220;jagged-bottom&#8220; bottom_shape_color=&#8220;#ffffff&#8220; sidebar=&#8220;sidebar-1&#8243;][vc_column width=&#8220;1\/3&#8243;][mk_fancy_title size=&#8220;25&#8243; font_family=&#8220;none&#8220;]\n<p style=\"text-align: center; font-size: 50px !important;\"><strong><span style=\"color: #002554;\">100<\/span><\/strong><\/p>\n<p style=\"text-align: center;\"><strong><span style=\"color: #002554; font-size: 18px;\">Mitarbeiter aus 15 Nationen<\/span><\/strong><\/p>\n[\/mk_fancy_title][\/vc_column][vc_column width=&#8220;1\/3&#8243;][mk_fancy_title size=&#8220;25&#8243; line_height=&#8220;100&#8243; letter_spacing=&#8220;0&#8243; margin_top=&#8220;0&#8243; margin_bottom=&#8220;20&#8243; font_family=&#8220;none&#8220;]\n<p style=\"text-align: center; font-size: 50px !important;\"><strong><span style=\"color: #002554;\">5.8<\/span><\/strong><\/p>\n<p style=\"text-align: center;\"><strong><span style=\"color: #002554; font-size: 18px;\">Millionen registrierte Kunden<\/span><\/strong><\/p>\n[\/mk_fancy_title][\/vc_column][vc_column width=&#8220;1\/3&#8243;][mk_fancy_title size=&#8220;25&#8243; font_family=&#8220;none&#8220;]\n<p style=\"text-align: center; font-size: 50px !important;\"><strong><span style=\"color: #002554;\">46.2<\/span><\/strong><\/p>\n<p style=\"text-align: center;\"><strong><span style=\"color: #002554; font-size: 18px;\">Millionen Brutto-Wett- und Gamingertrag<\/span><\/strong><\/p>\n[\/mk_fancy_title][\/vc_column][\/mk_page_section][mk_page_section bg_color=&#8220;#002554&#8243; bg_repeat=&#8220;no-repeat&#8220; min_height=&#8220;0&#8243; js_vertical_centered=&#8220;true&#8220; padding_top=&#8220;25&#8243; padding_bottom=&#8220;35&#8243; has_top_shape_divider=&#8220;true&#8220; top_shape_color=&#8220;#e3e6e6&#8243; top_shape_bg_color=&#8220;#002554&#8243; bottom_shape_color=&#8220;#e3e6e6&#8243; bottom_shape_bg_color=&#8220;#ffffff&#8220; sidebar=&#8220;sidebar-1&#8243;][vc_column css=&#8220;.vc_custom_1500557545110{padding-right: 25px !important;padding-left: 25px !important;}&#8220;][mk_button dimension=&#8220;flat&#8220; size=&#8220;x-large&#8220; url=&#8220;\/jobs\/&#8220; align=&#8220;center&#8220; margin_bottom=&#8220;0&#8243; margin_right=&#8220;0&#8243; animation=&#8220;scale-up&#8220; bg_color=&#8220;#7ec51e&#8220; btn_hover_bg=&#8220;#7ec51e&#8220; btn_hover_txt_color=&#8220;#002554&#8243;]Jetzt alle Jobs ansehen![\/mk_button][\/vc_column][\/mk_page_section][mk_page_section vertical_align=&#8220;center&#8220; bg_image=&#8220;https:\/\/jobs.bet-at-home.com\/wp-content\/uploads\/2017\/08\/w984_mission_statements_employees.jpg&#8220; bg_position=&#8220;center center&#8220; bg_repeat=&#8220;no-repeat&#8220; bg_stretch=&#8220;true&#8220; video_color_mask=&#8220;#002554&#8243; min_height=&#8220;&#8220; full_width=&#8220;true&#8220; padding_top=&#8220;50&#8243; padding_bottom=&#8220;50&#8243; sidebar=&#8220;sidebar-1&#8243;][vc_column width=&#8220;1\/4&#8243;][\/vc_column][vc_column width=&#8220;1\/2&#8243;][vc_column_text el_class=&#8220;statement&#8220; css=&#8220;.vc_custom_1689167439314{margin-bottom: 0px !important;}&#8220;]\n<h3 style=\"text-align: center;\"><span style=\"color: #ffffff;\">Als Top-Player in der Gaming-Branche tragen wir gesellschaftliche Verantwortung.<\/span><\/h3>\n<p style=\"text-align: center; font-size: 16px;\"><span style=\"color: #ffffff;\">Darum setzen wir auf hohe Spielerschutzstandards. Wir engagieren uns als Partner von Vereinen und Events auf (inter-)nationaler Ebene intensiv f\u00fcr den Sport. Ein fairer Wettbewerb ist uns wichtig und das zeigen wir durch unser Engagement in mehreren Verb\u00e4nden. Die n\u00f6tige Rechtssicherheit schaffen unsere Lizenzen.<\/span><\/p>\n[\/vc_column_text][\/vc_column][vc_column width=&#8220;1\/4&#8243;][\/vc_column][\/mk_page_section][mk_page_section bg_color=&#8220;#ffffff&#8220; full_width=&#8220;true&#8220; js_vertical_centered=&#8220;true&#8220; padding_top=&#8220;0&#8243; top_shape_color=&#8220;#d8dde0&#8243; top_shape_bg_color=&#8220;#ffffff&#8220; bottom_shape_color=&#8220;#ffffff&#8220; sidebar=&#8220;sidebar-1&#8243;][mk_padding_divider size=&#8220;50&#8243;][vc_column][mk_fancy_title margin_bottom=&#8220;0&#8243; font_family=&#8220;none&#8220;]\n<h3 style=\"text-align: center;\">Zwei Standorte<\/h3>\n[\/mk_fancy_title][vc_column_text css=&#8220;.vc_custom_1689247981666{margin-bottom: 0px !important;}&#8220;]\n<p style=\"text-align: center; font-size: 16px;\">bet-at-home ist auf der internationalen B\u00fchne zuhause. Deshalb spielt unser Team an unseren Standorten in \u00d6sterreich und in Malta mit regional angepassten Benefits.<\/p>\n[\/vc_column_text][mk_padding_divider size=&#8220;10&#8243;][vc_row_inner][vc_column_inner width=&#8220;1\/3&#8243; css=&#8220;.vc_custom_1689170366567{background-image: url(https:\/\/jobs.bet-at-home.com\/wp-content\/uploads\/2020\/09\/b60a8909_bah_bg.jpg?id=11914) !important;background-position: center !important;background-repeat: no-repeat !important;background-size: cover !important;}&#8220;][mk_button dimension=&#8220;outline&#8220; size=&#8220;x-large&#8220; url=&#8220;\/linz&#8220; align=&#8220;center&#8220; margin_top=&#8220;81&#8243; margin_bottom=&#8220;114&#8243; margin_right=&#8220;0&#8243; animation=&#8220;scale-up&#8220; outline_skin=&#8220;light&#8220;]Wir in Linz[\/mk_button][\/vc_column_inner][vc_column_inner width=&#8220;1\/3&#8243;][mk_padding_divider size=&#8220;15&#8243; visibility=&#8220;visible-sm&#8220;][mk_advanced_gmaps custom_markers=&#8220;true&#8220; latitude=&#8220;48.319008&#8243; longitude=&#8220;14.308108&#8243; address=&#8220;bet-at-home.com Entertainment GmbH&#8220; custom_marker_1=&#8220;\/wp-content\/uploads\/2017\/08\/bah_pin_for_maps_blue.png&#8220; latitude_2=&#8220;35.91187148460954&#8243; longitude_2=&#8220;14.424175483522168&#8243; address_2=&#8220;bet-at-home.com Internet Ltd., bet-at-home.com Entertainment Ltd.&#8220; custom_marker_2=&#8220;\/wp-content\/uploads\/2017\/08\/bah_pin_for_maps_blue.png&#8220; content_bg_color=&#8220;#ffffff&#8220; content_font_color=&#8220;#223139&#8243; map_zoom=&#8220;3&#8243; map_type=&#8220;HYBRID&#8220;][mk_padding_divider size=&#8220;20&#8243; visibility=&#8220;visible-sm&#8220;][\/vc_column_inner][vc_column_inner width=&#8220;1\/3&#8243; css=&#8220;.vc_custom_1689170523757{background-image: url(https:\/\/jobs.bet-at-home.com\/wp-content\/uploads\/2023\/04\/mosta.jpg?id=12943) !important;background-position: center !important;background-repeat: no-repeat !important;background-size: cover !important;}&#8220;][mk_button dimension=&#8220;outline&#8220; size=&#8220;x-large&#8220; url=&#8220;\/malta\/&#8220; align=&#8220;center&#8220; margin_top=&#8220;81&#8243; margin_bottom=&#8220;114&#8243; margin_right=&#8220;0&#8243; animation=&#8220;scale-up&#8220; outline_skin=&#8220;light&#8220;]Wir in Mosta[\/mk_button][\/vc_column_inner][\/vc_row_inner][\/vc_column][\/mk_page_section][mk_page_section bg_color=&#8220;#e3e6e6&#8243; min_height=&#8220;0&#8243; full_width=&#8220;true&#8220; js_vertical_centered=&#8220;true&#8220; padding_top=&#8220;0&#8243; padding_bottom=&#8220;0&#8243; top_shape_color=&#8220;#ffffff&#8220; bottom_shape_color=&#8220;#ffffff&#8220; bottom_shape_bg_color=&#8220;#e3e6e6&#8243; sidebar=&#8220;sidebar-1&#8243;][vc_column][mk_padding_divider size=&#8220;50&#8243;][mk_fancy_title margin_bottom=&#8220;0&#8243; font_family=&#8220;none&#8220;]\n<h2 style=\"text-align: center;\">Auszeich\u00adnungen<\/h2>\n[\/mk_fancy_title][vc_row_inner is_fullwidth_content=&#8220;false&#8220; visibility=&#8220;hidden-dt&#8220;][vc_column_inner][mk_clients style=&#8220;column&#8220; column=&#8220;1&#8243; count=&#8220;3&#8243; height=&#8220;133&#8243; target=&#8220;_blank&#8220; margin_bottom=&#8220;30&#8243; visibility=&#8220;visible-sm&#8220; clients=&#8220;8407, 8416, 12618&#8243;][mk_clients style=&#8220;column&#8220; count=&#8220;3&#8243; height=&#8220;133&#8243; target=&#8220;_blank&#8220; margin_bottom=&#8220;30&#8243; visibility=&#8220;hidden-sm&#8220; clients=&#8220;8407, 8416, 12618&#8243;][\/vc_column_inner][\/vc_row_inner][vc_row_inner is_fullwidth_content=&#8220;false&#8220; visibility=&#8220;visible-dt&#8220;][vc_column_inner width=&#8220;1\/4&#8243;][\/vc_column_inner][vc_column_inner width=&#8220;1\/2&#8243;][mk_clients style=&#8220;column&#8220; count=&#8220;3&#8243; height=&#8220;133&#8243; target=&#8220;_blank&#8220; margin_bottom=&#8220;30&#8243; clients=&#8220;8407, 8416, 12618&#8243;][\/vc_column_inner][vc_column_inner width=&#8220;1\/4&#8243;][\/vc_column_inner][\/vc_row_inner][\/vc_column][\/mk_page_section]\n<\/div>","protected":false},"excerpt":{"rendered":"<p>[mk_page_section vertical_align=&#8220;center&#8220; bg_color=&#8220;#7ec51e&#8220; bg_position=&#8220;center center&#8220; bg_repeat=&#8220;no-repeat&#8220; bg_stretch=&#8220;true&#8220; video_opacity=&#8220;1&#8243; min_height=&#8220;&#8220; full_width=&#8220;true&#8220; js_vertical_centered=&#8220;true&#8220; padding_top=&#8220;0&#8243; padding_bottom=&#8220;0&#8243; visibility=&#8220;visible-dt&#8220; el_class=&#8220;home-header&#8220; sidebar=&#8220;sidebar-1&#8243;][vc_column][mk_image src=&#8220;https:\/\/jobs.bet-at-home.com\/wp-content\/uploads\/2023\/06\/home_header_text.png&#8220; image_size=&#8220;large&#8220; align=&#8220;center&#8220; margin_bottom=&#8220;0&#8243;][\/vc_column][\/mk_page_section][mk_page_section vertical_align=&#8220;center&#8220; bg_color=&#8220;#7ec51e&#8220; bg_position=&#8220;center center&#8220; bg_repeat=&#8220;no-repeat&#8220; bg_stretch=&#8220;true&#8220; video_opacity=&#8220;1&#8243; min_height=&#8220;&#8220; full_width=&#8220;true&#8220; js_vertical_centered=&#8220;true&#8220; padding_top=&#8220;0&#8243; padding_bottom=&#8220;0&#8243; visibility=&#8220;hidden-dt&#8220; el_class=&#8220;home-header&#8220; sidebar=&#8220;sidebar-1&#8243;][vc_column][mk_image src=&#8220;https:\/\/jobs.bet-at-home.com\/wp-content\/uploads\/2023\/06\/home_header_text.png&#8220; image_size=&#8220;full&#8220; align=&#8220;center&#8220; margin_bottom=&#8220;0&#8243;][\/vc_column][\/mk_page_section][mk_page_section vertical_align=&#8220;center&#8220; bg_image=&#8220;https:\/\/jobs.bet-at-home.com\/wp-content\/uploads\/2023\/06\/home_statement-1.jpg&#8220; attachment=&#8220;fixed&#8220; bg_position=&#8220;center center&#8220; bg_repeat=&#8220;no-repeat&#8220; bg_stretch=&#8220;true&#8220; video_color_mask=&#8220;#002554&#8243; min_height=&#8220;&#8220; full_width=&#8220;true&#8220; padding_top=&#8220;50&#8243; padding_bottom=&#8220;50&#8243; sidebar=&#8220;sidebar-1&#8243;][vc_column width=&#8220;1\/4&#8243;][\/vc_column][vc_column width=&#8220;1\/2&#8243;][vc_column_text disable_pattern=&#8220;false&#8220; [&hellip;]<\/p>\n","protected":false},"author":15,"featured_media":0,"parent":0,"menu_order":0,"comment_status":"closed","ping_status":"closed","template":"","meta":{"footnotes":""},"class_list":["post-8146","page","type-page","status-publish","hentry"],"_links":{"self":[{"href":"https:\/\/jobs.bet-at-home.com\/de\/wp-json\/wp\/v2\/pages\/8146","targetHints":{"allow":["GET"]}}],"collection":[{"href":"https:\/\/jobs.bet-at-home.com\/de\/wp-json\/wp\/v2\/pages"}],"about":[{"href":"https:\/\/jobs.bet-at-home.com\/de\/wp-json\/wp\/v2\/types\/page"}],"author":[{"embeddable":true,"href":"https:\/\/jobs.bet-at-home.com\/de\/wp-json\/wp\/v2\/users\/15"}],"replies":[{"embeddable":true,"href":"https:\/\/jobs.bet-at-home.com\/de\/wp-json\/wp\/v2\/comments?post=8146"}],"version-history":[{"count":1,"href":"https:\/\/jobs.bet-at-home.com\/de\/wp-json\/wp\/v2\/pages\/8146\/revisions"}],"predecessor-version":[{"id":13642,"href":"https:\/\/jobs.bet-at-home.com\/de\/wp-json\/wp\/v2\/pages\/8146\/revisions\/13642"}],"wp:attachment":[{"href":"https:\/\/jobs.bet-at-home.com\/de\/wp-json\/wp\/v2\/media?parent=8146"}],"curies":[{"name":"wp","href":"https:\/\/api.w.org\/{rel}","templated":true}]}}