{"id":12486,"date":"2021-04-15T13:35:00","date_gmt":"2021-04-15T12:35:00","guid":{"rendered":"https:\/\/jobs.bet-at-home.com\/?page_id=12486"},"modified":"2023-06-05T12:03:03","modified_gmt":"2023-06-05T11:03:03","slug":"trainee-programm-customer-solution-agent","status":"publish","type":"page","link":"https:\/\/jobs.bet-at-home.com\/de\/trainee-programm-customer-solution-agent\/","title":{"rendered":"Trainee Programm Junior Customer Solution Agent"},"content":{"rendered":"<div class=\"wpb-content-wrapper\">[vc_column][\/vc_column][mk_page_section bg_position=&#8220;right center&#8220; bg_repeat=&#8220;no-repeat&#8220; bg_stretch=&#8220;true&#8220; min_height=&#8220;0&#8243; full_width=&#8220;true&#8220; padding_top=&#8220;0&#8243; padding_bottom=&#8220;0&#8243; visibility=&#8220;hidden-dt-v2&#8243; el_class=&#8220;mobile-top-element&#8220; sidebar=&#8220;sidebar-1&#8243;][vc_column][mk_image_slideshow images=&#8220;12243,12454,12347,12499,12452&#8243; image_width=&#8220;767&#8243; image_height=&#8220;300&#8243; effect=&#8220;slide&#8220; animation_speed=&#8220;400&#8243; slideshow_speed=&#8220;4000&#8243; el_class=&#8220;hide-on-wider-767&#8243;][mk_image_slideshow images=&#8220;12476,12520,12443,12518,12474&#8243; image_width=&#8220;1290&#8243; image_height=&#8220;490&#8243; effect=&#8220;slide&#8220; animation_speed=&#8220;400&#8243; slideshow_speed=&#8220;4000&#8243; el_class=&#8220;hide-on-narrower-768&#8243;][\/vc_column][\/mk_page_section][mk_page_section bg_position=&#8220;left center&#8220; bg_repeat=&#8220;no-repeat&#8220; bg_stretch=&#8220;true&#8220; min_height=&#8220;0&#8243; padding_top=&#8220;0&#8243; padding_bottom=&#8220;20&#8243; visibility=&#8220;hidden-dt-v2&#8243; sidebar=&#8220;sidebar-1&#8243;][vc_column css=&#8220;.vc_custom_1616586634353{padding-top: 40px !important;}&#8220;][mk_fancy_title margin_bottom=&#8220;0&#8243; font_family=&#8220;none&#8220; visibility=&#8220;hidden-nb&#8220;]\n<h2>TRAINEE PROGRAMM JUNIOR CUSTOMER SOLUTION AGENT<\/h2>\n[\/mk_fancy_title][mk_fancy_title margin_bottom=&#8220;0&#8243; font_family=&#8220;none&#8220;]\n<h4>Werde Junior Customer Solution Agent bei bet-at-home in Malta!<\/h4>\n[\/mk_fancy_title][vc_column_text css=&#8220;.vc_custom_1685962948389{margin-bottom: 0px !important;}&#8220;]Offene und freundliche Personen (m\/w\/d) f\u00fcr betriebsinternes Trainee Programm zum Junior Customer Solution Agent gesucht!<\/p>\n<p>Die Ausbildung ist fertig, aber Studium reizt dich nicht? Du willst lieber Geld verdienen und dabei etwas lernen, das du sofort anwenden kannst? Du hast Bock auf Auslandserfahrung? Vielleicht willst du dich aber auch neu orientieren und suchst nach einer Herausforderung mit Zukunftsperspektiven? Dann bist du bei bet-at-home richtig.<\/p>\n<p>Wir geben dir die M\u00f6glichkeit zur <strong>betriebsinternen Ausbildung zum Junior Customer Solution Agent<\/strong>. Dabei lernst du den Job kennen, arbeitest in Malta als Teil eines internationalen Teams und wirst von einem erfahrenen Mentor in den T\u00e4tigkeitsbereich eingef\u00fchrt.[\/vc_column_text][\/vc_column][\/mk_page_section][mk_page_section bg_position=&#8220;center top&#8220; bg_repeat=&#8220;no-repeat&#8220; bg_stretch=&#8220;true&#8220; min_height=&#8220;0&#8243; full_width=&#8220;true&#8220; js_vertical_centered=&#8220;true&#8220; padding_top=&#8220;0&#8243; padding_bottom=&#8220;0&#8243; visibility=&#8220;visible-dt-v2&#8243; el_class=&#8220;reduce-margin-top&#8220; sidebar=&#8220;sidebar-1&#8243;][vc_column width=&#8220;1\/2&#8243; css=&#8220;.vc_custom_1618479200886{margin-right: 0px !important;border-right-width: 0px !important;padding-right: 0px !important;padding-left: 0px !important;border-right-color: #dd3333 !important;}&#8220;][mk_image_slideshow images=&#8220;12534,12530,12532,12526,12528&#8243; image_width=&#8220;720&#8243; image_height=&#8220;490&#8243; effect=&#8220;slide&#8220; animation_speed=&#8220;400&#8243; slideshow_speed=&#8220;4000&#8243; el_class=&#8220;hide-on-wider-1823&#8243;][mk_image_slideshow images=&#8220;12516,12480,12510,12478,12523&#8243; image_width=&#8220;960&#8243; image_height=&#8220;420&#8243; effect=&#8220;slide&#8220; animation_speed=&#8220;400&#8243; slideshow_speed=&#8220;4000&#8243; el_class=&#8220;hide-on-narrower-1824&#8243;][\/vc_column][vc_column width=&#8220;1\/2&#8243; css=&#8220;.vc_custom_1617798450551{padding-right: 35px !important;padding-left: 35px !important;}&#8220;][mk_padding_divider size=&#8220;24&#8243;][mk_fancy_title margin_bottom=&#8220;0&#8243; font_family=&#8220;none&#8220;]\n<h2>TRAINEE PROGRAMM JUNIOR CUSTOMER SOLUTION AGENT<\/h2>\n[\/mk_fancy_title][mk_fancy_title margin_bottom=&#8220;0&#8243; font_family=&#8220;none&#8220;]\n<h4>Werde Junior Customer Solution Agent bei bet-at-home in Malta!<\/h4>\n[\/mk_fancy_title][vc_column_text css=&#8220;.vc_custom_1685962960288{margin-bottom: 0px !important;}&#8220;]Offene und freundliche Personen (m\/w\/d) f\u00fcr betriebsinternes Trainee Programm zum Junior Customer Solution Agent gesucht!<\/p>\n<p>Die Ausbildung ist fertig, aber Studium reizt dich nicht? Du willst lieber Geld verdienen und dabei etwas lernen, das du sofort anwenden kannst? Du hast Bock auf Auslandserfahrung? Vielleicht willst du dich aber auch neu orientieren und suchst nach einer Herausforderung mit Zukunftsperspektiven? Dann bist du bei bet-at-home richtig.<\/p>\n<p>Wir geben dir die M\u00f6glichkeit zur <strong>betriebsinternen Ausbildung zum Junior Customer Solution Agent<\/strong>. Dabei lernst du den Job kennen, arbeitest in Malta als Teil eines internationalen Teams und wirst von einem erfahrenen Mentor in den T\u00e4tigkeitsbereich eingef\u00fchrt.[\/vc_column_text][\/vc_column][\/mk_page_section][mk_page_section bg_image=&#8220;https:\/\/jobs.bet-at-home.com\/wp-content\/uploads\/2021\/04\/malta_view_landscape-scaled.jpg&#8220; attachment=&#8220;fixed&#8220; bg_position=&#8220;center top&#8220; bg_repeat=&#8220;no-repeat&#8220; bg_stretch=&#8220;true&#8220; enable_3d=&#8220;true&#8220; bg_gradient=&#8220;horizontal&#8220; video_color_mask=&#8220;#ffffff&#8220; gr_end=&#8220;rgba(255,255,255,0)&#8220; video_opacity=&#8220;1&#8243; top_shadow=&#8220;true&#8220; js_vertical_centered=&#8220;true&#8220; padding_top=&#8220;30&#8243; visibility=&#8220;visible-dt&#8220; sidebar=&#8220;sidebar-1&#8243;][vc_column][vc_row_inner css=&#8220;.vc_custom_1617021585078{padding-bottom: 20px !important;}&#8220;][vc_column_inner width=&#8220;1\/3&#8243;][mk_icon_box icon=&#8220;mk-li-mortarboard&#8220; title=&#8220;DAS ERWARTET DICH&#8220; font_weight=&#8220;bold&#8220; style=&#8220;boxed&#8220; icon_location=&#8220;top&#8220; icon_color=&#8220;#ffffff&#8220; title_color=&#8220;#002554&#8243; el_class=&#8220;bah-benefit-box&#8220;]\n<ul>\n<li>\n<h6 style=\"text-align: left;\">Eine umfassende Ausbildung zum Junior Customer Solution Agent<\/h6>\n<\/li>\n<li style=\"text-align: left;\">\n<h6>Eine offiziell anerkannte iGaming Zertifizierung und auf die T\u00e4tigkeiten abgestimmte Fort- und Weiterbildungen<\/h6>\n<\/li>\n<li style=\"text-align: left;\">\n<h6>Ein internationales Team und neue Strukturen, die du in Malta mitgestalten kannst<\/h6>\n<\/li>\n<li style=\"text-align: left;\">\n<h6>Ein erfahrener Mentor, der dich ab Tag 1 begleitet und unterst\u00fctzt<\/h6>\n<\/li>\n<li>\n<h6 style=\"text-align: left;\">Ein Monatsgehalt von 2600 Euro brutto<\/h6>\n<\/li>\n<\/ul>\n[\/mk_icon_box][\/vc_column_inner][vc_column_inner width=&#8220;1\/3&#8243;][mk_icon_box icon=&#8220;mk-li-user&#8220; title=&#8220;WAS WIR VON DIR WOLLEN&#8220; font_weight=&#8220;bold&#8220; style=&#8220;boxed&#8220; icon_location=&#8220;top&#8220; icon_color=&#8220;#ffffff&#8220; title_color=&#8220;#002554&#8243; el_class=&#8220;bah-benefit-box&#8220;]\n<ul style=\"margin-bottom: 78px;\">\n<li>\n<h6 style=\"text-align: left;\">\u201epeople first\u201c Grundsatz<\/h6>\n<\/li>\n<li style=\"text-align: left;\">\n<h6>Stressresistenz und einen k\u00fchlen Kopf<\/h6>\n<\/li>\n<li style=\"text-align: left;\">\n<h6>L\u00f6sungsorientierter Arbeitsstil<\/h6>\n<\/li>\n<li style=\"text-align: left;\">\n<h6>Professionalit\u00e4t und Empathie<\/h6>\n<\/li>\n<li style=\"text-align: left;\">\n<h6>Produktverst\u00e4ndnis und Sportinteresse<\/h6>\n<\/li>\n<li>\n<h6 style=\"text-align: left;\">Bereitschaft zu Abend- und Wochenenddiensten<\/h6>\n<\/li>\n<\/ul>\n[\/mk_icon_box][\/vc_column_inner][vc_column_inner width=&#8220;1\/3&#8243;][mk_icon_box icon=&#8220;mk-li-rocket&#8220; title=&#8220;DEINE CHANCEN&#8220; font_weight=&#8220;bold&#8220; style=&#8220;boxed&#8220; icon_location=&#8220;top&#8220; icon_color=&#8220;#ffffff&#8220; title_color=&#8220;#002554&#8243; el_class=&#8220;bah-benefit-box&#8220;]\n<ul style=\"margin-bottom: 121px;\">\n<li style=\"text-align: left;\">\n<h6>Aufstiegschancen in Product Management, Customer Relationship Management, Responsible Gaming<\/h6>\n<\/li>\n<li style=\"text-align: left;\">\n<h6>Laufbahn zur Nachwuchsf\u00fchrungskraft<\/h6>\n<\/li>\n<li style=\"text-align: left;\">\n<h6>St\u00e4rkenfokussierte Fort- und Weiterbildungen<\/h6>\n<\/li>\n<\/ul>\n[\/mk_icon_box][\/vc_column_inner][\/vc_row_inner][\/vc_column][\/mk_page_section][mk_page_section bg_image=&#8220;https:\/\/jobs.bet-at-home.com\/wp-content\/uploads\/2021\/04\/malta_view_landscape-scaled.jpg&#8220; bg_image_portrait=&#8220;https:\/\/jobs.bet-at-home.com\/wp-content\/uploads\/2021\/04\/malta_view_portrait-scaled.jpg&#8220; bg_position=&#8220;right center&#8220; bg_repeat=&#8220;no-repeat&#8220; bg_stretch=&#8220;true&#8220; video_opacity=&#8220;1&#8243; js_vertical_centered=&#8220;true&#8220; padding_top=&#8220;30&#8243; visibility=&#8220;hidden-dt&#8220; sidebar=&#8220;sidebar-1&#8243;][vc_column][vc_row_inner css=&#8220;.vc_custom_1617021585078{padding-bottom: 20px !important;}&#8220;][vc_column_inner][mk_icon_box icon=&#8220;mk-li-mortarboard&#8220; title=&#8220;DAS ERWARTET DICH&#8220; font_weight=&#8220;bold&#8220; style=&#8220;boxed&#8220; icon_location=&#8220;top&#8220; icon_color=&#8220;#ffffff&#8220; title_color=&#8220;#002554&#8243; el_class=&#8220;bah-benefit-box&#8220;]\n<ul>\n<li>\n<h6 style=\"text-align: left;\">Eine umfassende Ausbildung zum Junior Customer Solution Agent<\/h6>\n<\/li>\n<li style=\"text-align: left;\">\n<h6>Eine offiziell anerkannte iGaming Zertifizierung und auf die T\u00e4tigkeiten abgestimmte Fort- und Weiterbildungen<\/h6>\n<\/li>\n<li style=\"text-align: left;\">\n<h6>Ein internationales Team und neue Strukturen, die du in Malta mitgestalten kannst<\/h6>\n<\/li>\n<li style=\"text-align: left;\">\n<h6>Ein erfahrener Mentor, der dich ab Tag 1 begleitet und unterst\u00fctzt<\/h6>\n<\/li>\n<li>\n<h6 style=\"text-align: left;\">Ein Monatsgehalt von 2600 Euro brutto<\/h6>\n<\/li>\n<\/ul>\n[\/mk_icon_box][mk_icon_box icon=&#8220;mk-li-user&#8220; title=&#8220;WAS WIR VON DIR WOLLEN&#8220; font_weight=&#8220;bold&#8220; style=&#8220;boxed&#8220; icon_location=&#8220;top&#8220; icon_color=&#8220;#ffffff&#8220; title_color=&#8220;#002554&#8243; el_class=&#8220;bah-benefit-box&#8220;]\n<ul>\n<li>\n<h6 style=\"text-align: left;\">\u201epeople first\u201c Grundsatz<\/h6>\n<\/li>\n<li style=\"text-align: left;\">\n<h6>Stressresistenz und einen k\u00fchlen Kopf<\/h6>\n<\/li>\n<li style=\"text-align: left;\">\n<h6>L\u00f6sungsorientierter Arbeitsstil<\/h6>\n<\/li>\n<li style=\"text-align: left;\">\n<h6>Professionalit\u00e4t und Empathie<\/h6>\n<\/li>\n<li style=\"text-align: left;\">\n<h6>Produktverst\u00e4ndnis und Sportinteresse<\/h6>\n<\/li>\n<li>\n<h6 style=\"text-align: left;\">Bereitschaft zu Abend- und Wochenenddiensten<\/h6>\n<\/li>\n<\/ul>\n[\/mk_icon_box][mk_icon_box icon=&#8220;mk-li-rocket&#8220; title=&#8220;DEINE CHANCEN&#8220; font_weight=&#8220;bold&#8220; style=&#8220;boxed&#8220; icon_location=&#8220;top&#8220; icon_color=&#8220;#ffffff&#8220; title_color=&#8220;#002554&#8243; el_class=&#8220;bah-benefit-box&#8220;]\n<ul>\n<li style=\"text-align: left;\">\n<h6>Aufstiegschancen in Product Management, Customer Relationship Management, Responsible Gaming<\/h6>\n<\/li>\n<li style=\"text-align: left;\">\n<h6>Laufbahn zur Nachwuchsf\u00fchrungskraft<\/h6>\n<\/li>\n<li style=\"text-align: left;\">\n<h6>St\u00e4rkenfokussierte Fort- und Weiterbildungen<\/h6>\n<\/li>\n<\/ul>\n[\/mk_icon_box][\/vc_column_inner][\/vc_row_inner][\/vc_column][\/mk_page_section][mk_page_section bg_color=&#8220;#002554&#8243; bg_position=&#8220;center top&#8220; bg_repeat=&#8220;no-repeat&#8220; bg_stretch=&#8220;true&#8220; video_opacity=&#8220;0.95&#8243; min_height=&#8220;0&#8243; js_vertical_centered=&#8220;true&#8220; padding_top=&#8220;30&#8243; sidebar=&#8220;sidebar-1&#8243;][vc_column][mk_fancy_title margin_bottom=&#8220;0&#8243; font_family=&#8220;none&#8220; visibility=&#8220;hidden-dt&#8220; el_class=&#8220;hide-on-wider-767&#8243;]\n<h4 style=\"text-align: center;\"><span style=\"color: #ffffff;\">Trainee Programm auf einen Blick<\/span><\/h4>\n[\/mk_fancy_title][mk_fancy_title margin_bottom=&#8220;0&#8243; font_family=&#8220;none&#8220; visibility=&#8220;hidden-dt&#8220; el_class=&#8220;hide-on-narrower-768&#8243;]\n<h2 style=\"text-align: center;\"><span style=\"color: #ffffff;\">Trainee Programm auf einen Blick<\/span><\/h2>\n[\/mk_fancy_title][mk_fancy_title margin_bottom=&#8220;0&#8243; font_family=&#8220;none&#8220; visibility=&#8220;visible-dt&#8220;]\n<h2 style=\"text-align: center;\"><span style=\"color: #ffffff;\">Trainee Programm auf einen Blick<\/span><\/h2>\n[\/mk_fancy_title][mk_steps hover_color=&#8220;#7ec51e&#8220; icon_1=&#8220;mk-li-flag&#8220; title_1=&#8220;Einf\u00fchrungsphase 1 Monat:&#8220; desc_1=&#8220;Kennenlernen des Teams und Beginn des digitalen Onboarding-Prozesses&#8220; icon_2=&#8220;mk-icon-book&#8220; title_2=&#8220;Ausbildungsphase 11 Monate:&#8220; desc_2=&#8220;Vertiefung des Onboardings, fachliche Einschulung inklusive Job Specialisation Days, Absolvierung einer offiziell anerkannten iGaming Zertifizierung, auf den T\u00e4tigkeitsbereich abgestimmte Weiterbildungen wie zB Responsible Gaming, \u00dcbernahme eigener T\u00e4tigkeiten mit Unterst\u00fctzung eines Mentors&#8220; icon_3=&#8220;mk-icon-graduation-cap&#8220; title_3=&#8220;Abschlussphase:&#8220; desc_3=&#8220;Im letzten Monat deiner Ausbildung hast du die M\u00f6glichkeit, im Linzer B\u00fcro zu arbeiten&#8220; icon_4=&#8220;mk-icon-smile-o&#8220; title_4=&#8220;Regelphase &amp; Zukunftsperspektiven:&#8220; desc_4=&#8220;Abh\u00e4ngig von deinem Einsatz und deinen Interessen kannst du dich im Bereich Customer Service spezialisieren und deine Karriere starten.&#8220; animation=&#8220;bottom-to-top&#8220; el_class=&#8220;process-white-text&#8220;][\/vc_column][\/mk_page_section][mk_page_section bg_image=&#8220;https:\/\/jobs.bet-at-home.com\/wp-content\/uploads\/2021\/04\/splatter_full_bg.png&#8220; bg_image_portrait=&#8220;https:\/\/jobs.bet-at-home.com\/wp-content\/uploads\/2021\/04\/splatter_full_bg.png&#8220; bg_position=&#8220;left center&#8220; bg_repeat=&#8220;no-repeat&#8220; enable_3d=&#8220;true&#8220; video_opacity=&#8220;1&#8243; min_height=&#8220;0&#8243; js_vertical_centered=&#8220;true&#8220; padding_top=&#8220;30&#8243; visibility=&#8220;hidden-dt&#8220; sidebar=&#8220;sidebar-1&#8243;][vc_column width=&#8220;1\/2&#8243;][mk_image_switch src_first=&#8220;https:\/\/jobs.bet-at-home.com\/wp-content\/uploads\/2023\/04\/mosta.jpg&#8220; src_second=&#8220;https:\/\/jobs.bet-at-home.com\/wp-content\/uploads\/2021\/04\/hq_linz.jpg&#8220; hover_animation=&#8220;fading&#8220; image_width=&#8220;&#8220; image_height=&#8220;&#8220; align=&#8220;center&#8220; margin_bottom=&#8220;&#8220; animation=&#8220;fade-in&#8220;][mk_fancy_title font_family=&#8220;none&#8220; animation=&#8220;scale-up&#8220; el_class=&#8220;blue-box-lift&#8220;]\n<p style=\"text-align: center;\"><strong><span style=\"color: #ffffff;\">bet-at-home \u2013 Player zwischen Linz und Mosta<\/span><\/strong><\/p>\n[\/mk_fancy_title][\/vc_column][vc_column width=&#8220;1\/2&#8243;][vc_gmaps link=&#8220;#E-8_JTNDaWZyYW1lJTIwc3JjJTNEJTIyaHR0cHMlM0ElMkYlMkZ3d3cuZ29vZ2xlLmNvbSUyRm1hcHMlMkZlbWJlZCUzRnBiJTNEJTIxMW0xOCUyMTFtMTIlMjExbTMlMjExZDI3MTcuMjU4ODc4OTU1MTU0NiUyMTJkMTQuNDIzOTM5NDQ5MTM5NzMyJTIxM2QzNS45MTMxMDk3Mjg2ODU3NSUyMTJtMyUyMTFmMCUyMTJmMCUyMTNmMCUyMTNtMiUyMTFpMTAyNCUyMTJpNzY4JTIxNGYxMy4xJTIxM20zJTIxMW0yJTIxMXMweDEzMGU0ZmJlOGZkOGZiMWIlMjUzQTB4YjlhYWNmYjY1MDI3NTg1ZSUyMTJzQ29ybmVyc3RvbmUlMjUyMEJ1c2luZXNzJTI1MjBDZW50cmUlMjE1ZTAlMjEzbTIlMjExc2RlJTIxMnNhdCUyMTR2MTY4MjQxMTgzMzM1MCUyMTVtMiUyMTFzZGUlMjEyc2F0JTIyJTIwd2lkdGglM0QlMjI2MDAlMjIlMjBoZWlnaHQlM0QlMjI0NTAlMjIlMjBzdHlsZSUzRCUyMmJvcmRlciUzQTAlM0IlMjIlMjBhbGxvd2Z1bGxzY3JlZW4lM0QlMjIlMjIlMjBsb2FkaW5nJTNEJTIybGF6eSUyMiUyMHJlZmVycmVycG9saWN5JTNEJTIybm8tcmVmZXJyZXItd2hlbi1kb3duZ3JhZGUlMjIlM0UlM0MlMkZpZnJhbWUlM0U=&#8220; size=&#8220;267px&#8220; css_animation=&#8220;fadeInRight&#8220;][\/vc_column][\/mk_page_section][mk_page_section bg_image=&#8220;https:\/\/jobs.bet-at-home.com\/wp-content\/uploads\/2021\/04\/splatter_bg_top_part.png&#8220; bg_position=&#8220;left bottom&#8220; bg_repeat=&#8220;no-repeat&#8220; bg_stretch=&#8220;true&#8220; video_opacity=&#8220;1&#8243; min_height=&#8220;0&#8243; js_vertical_centered=&#8220;true&#8220; padding_top=&#8220;30&#8243; section_id=&#8220;map-dt-section&#8220; visibility=&#8220;visible-dt&#8220; sidebar=&#8220;sidebar-1&#8243;][vc_column width=&#8220;1\/2&#8243;][mk_image_switch src_first=&#8220;https:\/\/jobs.bet-at-home.com\/wp-content\/uploads\/2023\/04\/mosta.jpg&#8220; src_second=&#8220;https:\/\/jobs.bet-at-home.com\/wp-content\/uploads\/2021\/04\/hq_linz.jpg&#8220; hover_animation=&#8220;fading&#8220; image_width=&#8220;582&#8243; image_height=&#8220;332&#8243; align=&#8220;center&#8220; margin_bottom=&#8220;0&#8243; animation=&#8220;fade-in&#8220;][mk_fancy_title font_family=&#8220;none&#8220; animation=&#8220;scale-up&#8220; el_class=&#8220;blue-box&#8220;]\n<p style=\"text-align: center;\"><strong><span style=\"color: #ffffff;\">bet-at-home \u2013 Player zwischen Linz und Mosta<\/span><\/strong><\/p>\n[\/mk_fancy_title][\/vc_column][vc_column width=&#8220;1\/2&#8243;][vc_gmaps link=&#8220;#E-8_JTNDaWZyYW1lJTIwc3JjJTNEJTIyaHR0cHMlM0ElMkYlMkZ3d3cuZ29vZ2xlLmNvbSUyRm1hcHMlMkZlbWJlZCUzRnBiJTNEJTIxMW0xOCUyMTFtMTIlMjExbTMlMjExZDI3MTcuMjU4ODc4OTU1MTU0NiUyMTJkMTQuNDIzOTM5NDQ5MTM5NzMyJTIxM2QzNS45MTMxMDk3Mjg2ODU3NSUyMTJtMyUyMTFmMCUyMTJmMCUyMTNmMCUyMTNtMiUyMTFpMTAyNCUyMTJpNzY4JTIxNGYxMy4xJTIxM20zJTIxMW0yJTIxMXMweDEzMGU0ZmJlOGZkOGZiMWIlMjUzQTB4YjlhYWNmYjY1MDI3NTg1ZSUyMTJzQ29ybmVyc3RvbmUlMjUyMEJ1c2luZXNzJTI1MjBDZW50cmUlMjE1ZTAlMjEzbTIlMjExc2RlJTIxMnNhdCUyMTR2MTY4MjQxMTgzMzM1MCUyMTVtMiUyMTFzZGUlMjEyc2F0JTIyJTIwd2lkdGglM0QlMjI2MDAlMjIlMjBoZWlnaHQlM0QlMjI0NTAlMjIlMjBzdHlsZSUzRCUyMmJvcmRlciUzQTAlM0IlMjIlMjBhbGxvd2Z1bGxzY3JlZW4lM0QlMjIlMjIlMjBsb2FkaW5nJTNEJTIybGF6eSUyMiUyMHJlZmVycmVycG9saWN5JTNEJTIybm8tcmVmZXJyZXItd2hlbi1kb3duZ3JhZGUlMjIlM0UlM0MlMkZpZnJhbWUlM0U=&#8220; size=&#8220;359px&#8220; css_animation=&#8220;fadeInRight&#8220;][\/vc_column][\/mk_page_section][mk_page_section bg_color=&#8220;#ffffff&#8220; min_height=&#8220;0&#8243; padding_top=&#8220;30&#8243; padding_bottom=&#8220;0&#8243; top_shape_size=&#8220;small&#8220; has_bottom_shape_divider=&#8220;true&#8220; bottom_shape_size=&#8220;small&#8220; bottom_shape_color=&#8220;#002554&#8243; bottom_shape_bg_color=&#8220;rgba(0,0,0,0)&#8220; visibility=&#8220;hidden-dt&#8220; sidebar=&#8220;sidebar-1&#8243;][vc_column css=&#8220;.vc_custom_1617188912206{padding-bottom: 0px !important;}&#8220;][mk_fancy_title margin_bottom=&#8220;0&#8243; font_family=&#8220;none&#8220;]\n<h2 style=\"text-align: center;\">Bist du neugierig geworden?<\/h2>\n[\/mk_fancy_title][vc_column_text css=&#8220;.vc_custom_1623741819178{margin-bottom: -40px !important;padding-bottom: 0px !important;}&#8220;]\n<p style=\"text-align: center;\">Dann schick uns deine Bewerbung als Trainee zum Junior Customer Solution Agent \u00fcber unser Karriereportal!<\/p>\n[\/vc_column_text][mk_button dimension=&#8220;flat&#8220; size=&#8220;medium&#8220; url=&#8220;https:\/\/jobs.bet-at-home.com\/de\/jobs\/Junior-Customer-Solution-Agent-Voll-Teilzeit-mwd-de-j619.html&#8220; align=&#8220;center&#8220; margin_top=&#8220;35&#8243; margin_bottom=&#8220;-30&#8243; margin_right=&#8220;0&#8243; bg_color=&#8220;#7ec51e&#8220; btn_hover_bg=&#8220;#7ac419&#8243; btn_hover_txt_color=&#8220;#ffffff&#8220;]Jetzt bewerben[\/mk_button][\/vc_column][\/mk_page_section][mk_page_section bg_image=&#8220;https:\/\/jobs.bet-at-home.com\/wp-content\/uploads\/2021\/04\/splatter_bg_bottom_part.png&#8220; bg_color=&#8220;#ffffff&#8220; bg_repeat=&#8220;no-repeat&#8220; bg_stretch=&#8220;true&#8220; padding_top=&#8220;30&#8243; padding_bottom=&#8220;0&#8243; has_bottom_shape_divider=&#8220;true&#8220; bottom_shape_color=&#8220;#002554&#8243; bottom_shape_bg_color=&#8220;rgba(0,0,0,0)&#8220; section_id=&#8220;cta-dt-section&#8220; visibility=&#8220;visible-dt&#8220; sidebar=&#8220;sidebar-1&#8243;][vc_column][mk_fancy_title margin_bottom=&#8220;0&#8243; font_family=&#8220;none&#8220;]\n<h2 style=\"text-align: center;\">Bist du neugierig geworden?<\/h2>\n[\/mk_fancy_title][vc_column_text css=&#8220;.vc_custom_1623741828194{margin-bottom: 0px !important;}&#8220;]\n<p style=\"text-align: center; margin-bottom: 10px;\">Dann schick uns deine Bewerbung als Trainee zum Junior Customer Solution Agent \u00fcber unser Karriereportal!<\/p>\n[\/vc_column_text][mk_button dimension=&#8220;flat&#8220; size=&#8220;medium&#8220; url=&#8220;https:\/\/jobs.bet-at-home.com\/de\/jobs\/Junior-Customer-Solution-Agent-Voll-Teilzeit-mwd-de-j619.html&#8220; align=&#8220;center&#8220; bg_color=&#8220;#7ec51e&#8220; btn_hover_bg=&#8220;#7ac419&#8243; btn_hover_txt_color=&#8220;#ffffff&#8220;]Jetzt bewerben[\/mk_button][\/vc_column][\/mk_page_section][mk_page_section bg_color=&#8220;#002554&#8243; min_height=&#8220;0&#8243; padding_top=&#8220;&#8220; padding_bottom=&#8220;30&#8243; margin_bottom=&#8220;-25&#8243; top_shape_color=&#8220;#e3e6e6&#8243; visibility=&#8220;hidden-dt&#8220; el_class=&#8220;fix-margin-bottom-wider-768&#8243; sidebar=&#8220;sidebar-1&#8243;][vc_column][vc_column_text css=&#8220;.vc_custom_1677599337731{margin-bottom: 0px !important;padding-top: 35px !important;}&#8220;]\n<p style=\"text-align: center;\"><strong style=\"color: #ffffff;\">Hast du Fragen zu dieser Ausbildung?<\/strong><\/p>\n<p style=\"text-align: center;\"><span style=\"color: #ffffff;\">Ich freue mich auf deine Kontaktaufnahme unter <a style=\"color: #ffffff;\" href=\"tel:+43573372115\"><span style=\"color: #7ec51e;\">+43 5 7337 2115<\/span><\/a><\/span><\/p>\n[\/vc_column_text][mk_circle_image src=&#8220;https:\/\/jobs.bet-at-home.com\/wp-content\/uploads\/2017\/07\/portrait__katja-200&#215;200.jpg&#8220; image_diameter=&#8220;200&#8243;][vc_column_text css=&#8220;.vc_custom_1677599435519{margin-bottom: 0px !important;padding-top: 35px !important;}&#8220;]\n<p style=\"text-align: center;\"><strong style=\"color: #ffffff;\">Mag. Katja Buchner<\/strong><strong style=\"color: #ffffff;\"><br \/>\nRecruitment &amp; Selection<\/strong><\/p>\n[\/vc_column_text][\/vc_column][\/mk_page_section][mk_page_section bg_color=&#8220;#002554&#8243; min_height=&#8220;0&#8243; padding_top=&#8220;0&#8243; padding_bottom=&#8220;30&#8243; margin_bottom=&#8220;-50&#8243; top_shape_color=&#8220;#e3e6e6&#8243; visibility=&#8220;visible-dt&#8220; sidebar=&#8220;sidebar-1&#8243;][vc_column width=&#8220;1\/6&#8243;][\/vc_column][vc_column width=&#8220;2\/3&#8243;][vc_row_inner][vc_column_inner width=&#8220;2\/3&#8243; css=&#8220;.vc_custom_1608540531036{padding-left: 40px !important;}&#8220;][vc_column_text css=&#8220;.vc_custom_1677599412436{margin-bottom: 0px !important;padding-top: 35px !important;}&#8220;]<strong style=\"color: #ffffff;\">Hast du Fragen zu dieser Ausbildung?<\/strong><\/p>\n<p><span style=\"color: #ffffff;\">Ich freue mich auf deine Kontaktaufnahme unter <a style=\"color: #ffffff;\" href=\"tel:+43573372115\"><span style=\"color: #7ec51e;\">+43 5 7337 2115<\/span><\/a><\/span><\/p>\n<p><strong style=\"color: #ffffff;\">Mag. Katja Buchner<\/strong><strong style=\"color: #ffffff;\"><br \/>\nRecruitment &amp; Selection<\/strong>[\/vc_column_text][\/vc_column_inner][vc_column_inner width=&#8220;1\/3&#8243; css=&#8220;.vc_custom_1608540523457{padding-right: 40px !important;padding-left: 0px !important;}&#8220;][mk_circle_image src=&#8220;https:\/\/jobs.bet-at-home.com\/wp-content\/uploads\/2017\/07\/portrait__katja-200&#215;200.jpg&#8220; image_diameter=&#8220;200&#8243; visibility=&#8220;visible-dt&#8220; el_class=&#8220;recruiter-pic-malta&#8220;][mk_circle_image src=&#8220;https:\/\/jobs.bet-at-home.com\/wp-content\/uploads\/2017\/07\/portrait__katja-200&#215;200.jpg&#8220; image_diameter=&#8220;200&#8243; visibility=&#8220;hidden-dt&#8220;][\/vc_column_inner][\/vc_row_inner][\/vc_column][vc_column width=&#8220;1\/6&#8243;][\/vc_column][\/mk_page_section]\n<\/div>","protected":false},"excerpt":{"rendered":"<p>[vc_column][\/vc_column][mk_page_section bg_position=&#8220;right center&#8220; bg_repeat=&#8220;no-repeat&#8220; bg_stretch=&#8220;true&#8220; min_height=&#8220;0&#8243; full_width=&#8220;true&#8220; padding_top=&#8220;0&#8243; padding_bottom=&#8220;0&#8243; visibility=&#8220;hidden-dt-v2&#8243; el_class=&#8220;mobile-top-element&#8220; sidebar=&#8220;sidebar-1&#8243;][vc_column][mk_image_slideshow images=&#8220;12243,12454,12347,12499,12452&#8243; image_width=&#8220;767&#8243; image_height=&#8220;300&#8243; effect=&#8220;slide&#8220; animation_speed=&#8220;400&#8243; slideshow_speed=&#8220;4000&#8243; el_class=&#8220;hide-on-wider-767&#8243;][mk_image_slideshow images=&#8220;12476,12520,12443,12518,12474&#8243; image_width=&#8220;1290&#8243; image_height=&#8220;490&#8243; effect=&#8220;slide&#8220; animation_speed=&#8220;400&#8243; slideshow_speed=&#8220;4000&#8243; el_class=&#8220;hide-on-narrower-768&#8243;][\/vc_column][\/mk_page_section][mk_page_section bg_position=&#8220;left center&#8220; bg_repeat=&#8220;no-repeat&#8220; bg_stretch=&#8220;true&#8220; min_height=&#8220;0&#8243; padding_top=&#8220;0&#8243; padding_bottom=&#8220;20&#8243; visibility=&#8220;hidden-dt-v2&#8243; sidebar=&#8220;sidebar-1&#8243;][vc_column css=&#8220;.vc_custom_1616586634353{padding-top: 40px !important;}&#8220;][mk_fancy_title margin_bottom=&#8220;0&#8243; font_family=&#8220;none&#8220; visibility=&#8220;hidden-nb&#8220;] TRAINEE PROGRAMM JUNIOR CUSTOMER SOLUTION AGENT [\/mk_fancy_title][mk_fancy_title margin_bottom=&#8220;0&#8243; font_family=&#8220;none&#8220;] Werde Junior Customer Solution Agent [&hellip;]<\/p>\n","protected":false},"author":21,"featured_media":0,"parent":0,"menu_order":0,"comment_status":"closed","ping_status":"closed","template":"","meta":{"footnotes":""},"class_list":["post-12486","page","type-page","status-publish","hentry"],"_links":{"self":[{"href":"https:\/\/jobs.bet-at-home.com\/de\/wp-json\/wp\/v2\/pages\/12486","targetHints":{"allow":["GET"]}}],"collection":[{"href":"https:\/\/jobs.bet-at-home.com\/de\/wp-json\/wp\/v2\/pages"}],"about":[{"href":"https:\/\/jobs.bet-at-home.com\/de\/wp-json\/wp\/v2\/types\/page"}],"author":[{"embeddable":true,"href":"https:\/\/jobs.bet-at-home.com\/de\/wp-json\/wp\/v2\/users\/21"}],"replies":[{"embeddable":true,"href":"https:\/\/jobs.bet-at-home.com\/de\/wp-json\/wp\/v2\/comments?post=12486"}],"version-history":[{"count":0,"href":"https:\/\/jobs.bet-at-home.com\/de\/wp-json\/wp\/v2\/pages\/12486\/revisions"}],"wp:attachment":[{"href":"https:\/\/jobs.bet-at-home.com\/de\/wp-json\/wp\/v2\/media?parent=12486"}],"curies":[{"name":"wp","href":"https:\/\/api.w.org\/{rel}","templated":true}]}}